{"id":237,"date":"2018-03-16T18:16:19","date_gmt":"2018-03-16T18:16:19","guid":{"rendered":"https:\/\/worldjusticeproject.mx\/?page_id=237"},"modified":"2024-09-24T15:08:41","modified_gmt":"2024-09-24T21:08:41","slug":"the-world-justice-project","status":"publish","type":"page","link":"https:\/\/worldjusticeproject.mx\/en\/nosotros\/the-world-justice-project\/","title":{"rendered":"The World Justice Project"},"content":{"rendered":"<div data-elementor-type=\"wp-page\" data-elementor-id=\"237\" class=\"elementor elementor-237\" data-elementor-post-type=\"page\">\n\t\t\t\t<div class=\"elementor-element elementor-element-83b056e e-con-full e-flex e-con e-parent\" data-id=\"83b056e\" data-element_type=\"container\" data-settings=\"{&quot;background_background&quot;:&quot;classic&quot;}\">\n\t\t<div class=\"elementor-element elementor-element-f512459 e-con-full e-flex e-con e-child\" data-id=\"f512459\" data-element_type=\"container\" data-settings=\"{&quot;background_background&quot;:&quot;classic&quot;}\">\n\t\t\t\t<div class=\"elementor-element elementor-element-a4c9ada w600 elementor-widget elementor-widget-heading\" data-id=\"a4c9ada\" data-element_type=\"widget\" data-widget_type=\"heading.default\">\n\t\t\t\t<div class=\"elementor-widget-container\">\n\t\t\t\t\t<h2 class=\"elementor-heading-title elementor-size-default\">\u00bfQu\u00e9 es el World Justice Project?<\/h2>\t\t\t\t<\/div>\n\t\t\t\t<\/div>\n\t\t\t\t<\/div>\n\t\t<div class=\"elementor-element elementor-element-e7f4816 e-con-full e-flex e-con e-child\" data-id=\"e7f4816\" data-element_type=\"container\" data-settings=\"{&quot;background_background&quot;:&quot;classic&quot;}\">\n\t\t\t\t<div class=\"elementor-element elementor-element-0ff2429 w600 elementor-widget elementor-widget-text-editor\" data-id=\"0ff2429\" data-element_type=\"widget\" data-widget_type=\"text-editor.default\">\n\t\t\t\t<div class=\"elementor-widget-container\">\n\t\t\t\t\t\t\t\t\t<p>The World Justice Project\u00ae (Proyecto de Justicia Mundial, o WJP, por sus siglas en ingl\u00e9s) es una organizaci\u00f3n independiente, internacional, y multidisciplinaria que trabaja para avanzar el Estado de Derecho en el mundo.<\/p><p>Para el WJP, el concepto \u201cEstado de Derecho\u201d trasciende fronteras, y se refiere a un sistema de gobernanza en el que se cumplen cuatro principios universales: i) rendici\u00f3n de cuentas, ii) leyes justas, iii) gobierno abierto, y iv) mecanismos accesibles e imparciales para resolver disputas.<\/p><p>Un Estado de Derecho efectivo reduce la corrupci\u00f3n, protege a las personas de hechos injustos y combate la pobreza. El Estado de Derecho es el sustento de comunidades de igualdad, oportunidades, y paz, y funge como la base del desarrollo, de gobiernos transparentes que rinden cuentas, y del respeto a los derechos fundamentales.<\/p><p>WJP comenz\u00f3 en 2006 como una iniciativa de William H. Neukom, mientras encabezaba la American Bar Association (ABA), y se convirti\u00f3 en una organizaci\u00f3n sin fines de lucro en 2009, con el apoyo de 21 aliados estrat\u00e9gicos. Adem\u00e1s de la oficina de representaci\u00f3n con sede en la Ciudad de M\u00e9xico, WJP cuenta con oficinas en Singapur, as\u00ed como Washington, D.C., y Seattle, en Estados Unidos.<\/p><p>Visita el\u00a0<a href=\"http:\/\/worldjusticeproject.org\/\">sitio global de The World Justice Project<\/a>\u00a0para aprender m\u00e1s.<\/p>\t\t\t\t\t\t\t\t<\/div>\n\t\t\t\t<\/div>\n\t\t\t\t<\/div>\n\t\t\t\t<\/div>\n\t\t\t\t<\/div>","protected":false},"excerpt":{"rendered":"<p>\u00bfQu\u00e9 es el World Justice Project? The World Justice Project\u00ae (Proyecto de Justicia Mundial, o WJP, por sus siglas en ingl\u00e9s) es una organizaci\u00f3n independiente, internacional, y multidisciplinaria que trabaja para avanzar el Estado de Derecho en el mundo. Para el WJP, el concepto \u201cEstado de Derecho\u201d trasciende fronteras, y se refiere a un sistema [&hellip;]<\/p>\n","protected":false},"author":1,"featured_media":0,"parent":235,"menu_order":0,"comment_status":"closed","ping_status":"closed","template":"elementor_header_footer","meta":{"footnotes":""},"class_list":["post-237","page","type-page","status-publish","hentry"],"yoast_head":"<!-- This site is optimized with the Yoast SEO plugin v25.2 - https:\/\/yoast.com\/wordpress\/plugins\/seo\/ -->\n<title>The World Justice Project - World Justice Project (M\u00e9xico)<\/title>\n<meta name=\"robots\" content=\"index, follow, max-snippet:-1, max-image-preview:large, max-video-preview:-1\" \/>\n<link rel=\"canonical\" href=\"https:\/\/worldjusticeproject.mx\/en\/nosotros\/the-world-justice-project\/\" \/>\n<meta property=\"og:locale\" content=\"en_US\" \/>\n<meta property=\"og:type\" content=\"article\" \/>\n<meta property=\"og:title\" content=\"The World Justice Project - World Justice Project (M\u00e9xico)\" \/>\n<meta property=\"og:description\" content=\"\u00bfQu\u00e9 es el World Justice Project? The World Justice Project\u00ae (Proyecto de Justicia Mundial, o WJP, por sus siglas en ingl\u00e9s) es una organizaci\u00f3n independiente, internacional, y multidisciplinaria que trabaja para avanzar el Estado de Derecho en el mundo. Para el WJP, el concepto \u201cEstado de Derecho\u201d trasciende fronteras, y se refiere a un sistema [&hellip;]\" \/>\n<meta property=\"og:url\" content=\"https:\/\/worldjusticeproject.mx\/en\/nosotros\/the-world-justice-project\/\" \/>\n<meta property=\"og:site_name\" content=\"World Justice Project (M\u00e9xico)\" \/>\n<meta property=\"article:modified_time\" content=\"2024-09-24T21:08:41+00:00\" \/>\n<meta name=\"twitter:card\" content=\"summary_large_image\" \/>\n<meta name=\"twitter:label1\" content=\"Est. reading time\" \/>\n\t<meta name=\"twitter:data1\" content=\"1 minute\" \/>\n<script type=\"application\/ld+json\" class=\"yoast-schema-graph\">{\"@context\":\"https:\/\/schema.org\",\"@graph\":[{\"@type\":\"WebPage\",\"@id\":\"https:\/\/worldjusticeproject.mx\/nosotros\/the-world-justice-project\/\",\"url\":\"https:\/\/worldjusticeproject.mx\/nosotros\/the-world-justice-project\/\",\"name\":\"The World Justice Project - World Justice Project (M\u00e9xico)\",\"isPartOf\":{\"@id\":\"https:\/\/worldjusticeproject.mx\/#website\"},\"datePublished\":\"2018-03-16T18:16:19+00:00\",\"dateModified\":\"2024-09-24T21:08:41+00:00\",\"breadcrumb\":{\"@id\":\"https:\/\/worldjusticeproject.mx\/nosotros\/the-world-justice-project\/#breadcrumb\"},\"inLanguage\":\"en-US\",\"potentialAction\":[{\"@type\":\"ReadAction\",\"target\":[\"https:\/\/worldjusticeproject.mx\/nosotros\/the-world-justice-project\/\"]}]},{\"@type\":\"BreadcrumbList\",\"@id\":\"https:\/\/worldjusticeproject.mx\/nosotros\/the-world-justice-project\/#breadcrumb\",\"itemListElement\":[{\"@type\":\"ListItem\",\"position\":1,\"name\":\"Home\",\"item\":\"https:\/\/worldjusticeproject.mx\/\"},{\"@type\":\"ListItem\",\"position\":2,\"name\":\"Nosotros\",\"item\":\"https:\/\/worldjusticeproject.mx\/nosotros\/\"},{\"@type\":\"ListItem\",\"position\":3,\"name\":\"The World Justice Project\"}]},{\"@type\":\"WebSite\",\"@id\":\"https:\/\/worldjusticeproject.mx\/#website\",\"url\":\"https:\/\/worldjusticeproject.mx\/\",\"name\":\"World Justice Project (M\u00e9xico)\",\"description\":\"Sitio web de la oficina en M\u00e9xico de la organizaci\u00f3n basada en Washington DC, Estados Unidos\",\"potentialAction\":[{\"@type\":\"SearchAction\",\"target\":{\"@type\":\"EntryPoint\",\"urlTemplate\":\"https:\/\/worldjusticeproject.mx\/?s={search_term_string}\"},\"query-input\":{\"@type\":\"PropertyValueSpecification\",\"valueRequired\":true,\"valueName\":\"search_term_string\"}}],\"inLanguage\":\"en-US\"}]}<\/script>\n<!-- \/ Yoast SEO plugin. -->","yoast_head_json":{"title":"The World Justice Project - World Justice Project (M\u00e9xico)","robots":{"index":"index","follow":"follow","max-snippet":"max-snippet:-1","max-image-preview":"max-image-preview:large","max-video-preview":"max-video-preview:-1"},"canonical":"https:\/\/worldjusticeproject.mx\/en\/nosotros\/the-world-justice-project\/","og_locale":"en_US","og_type":"article","og_title":"The World Justice Project - World Justice Project (M\u00e9xico)","og_description":"\u00bfQu\u00e9 es el World Justice Project? The World Justice Project\u00ae (Proyecto de Justicia Mundial, o WJP, por sus siglas en ingl\u00e9s) es una organizaci\u00f3n independiente, internacional, y multidisciplinaria que trabaja para avanzar el Estado de Derecho en el mundo. Para el WJP, el concepto \u201cEstado de Derecho\u201d trasciende fronteras, y se refiere a un sistema [&hellip;]","og_url":"https:\/\/worldjusticeproject.mx\/en\/nosotros\/the-world-justice-project\/","og_site_name":"World Justice Project (M\u00e9xico)","article_modified_time":"2024-09-24T21:08:41+00:00","twitter_card":"summary_large_image","twitter_misc":{"Est. reading time":"1 minute"},"schema":{"@context":"https:\/\/schema.org","@graph":[{"@type":"WebPage","@id":"https:\/\/worldjusticeproject.mx\/nosotros\/the-world-justice-project\/","url":"https:\/\/worldjusticeproject.mx\/nosotros\/the-world-justice-project\/","name":"The World Justice Project - World Justice Project (M\u00e9xico)","isPartOf":{"@id":"https:\/\/worldjusticeproject.mx\/#website"},"datePublished":"2018-03-16T18:16:19+00:00","dateModified":"2024-09-24T21:08:41+00:00","breadcrumb":{"@id":"https:\/\/worldjusticeproject.mx\/nosotros\/the-world-justice-project\/#breadcrumb"},"inLanguage":"en-US","potentialAction":[{"@type":"ReadAction","target":["https:\/\/worldjusticeproject.mx\/nosotros\/the-world-justice-project\/"]}]},{"@type":"BreadcrumbList","@id":"https:\/\/worldjusticeproject.mx\/nosotros\/the-world-justice-project\/#breadcrumb","itemListElement":[{"@type":"ListItem","position":1,"name":"Home","item":"https:\/\/worldjusticeproject.mx\/"},{"@type":"ListItem","position":2,"name":"Nosotros","item":"https:\/\/worldjusticeproject.mx\/nosotros\/"},{"@type":"ListItem","position":3,"name":"The World Justice Project"}]},{"@type":"WebSite","@id":"https:\/\/worldjusticeproject.mx\/#website","url":"https:\/\/worldjusticeproject.mx\/","name":"World Justice Project (M\u00e9xico)","description":"Sitio web de la oficina en M\u00e9xico de la organizaci\u00f3n basada en Washington DC, Estados Unidos","potentialAction":[{"@type":"SearchAction","target":{"@type":"EntryPoint","urlTemplate":"https:\/\/worldjusticeproject.mx\/?s={search_term_string}"},"query-input":{"@type":"PropertyValueSpecification","valueRequired":true,"valueName":"search_term_string"}}],"inLanguage":"en-US"}]}},"_links":{"self":[{"href":"https:\/\/worldjusticeproject.mx\/en\/wp-json\/wp\/v2\/pages\/237","targetHints":{"allow":["GET"]}}],"collection":[{"href":"https:\/\/worldjusticeproject.mx\/en\/wp-json\/wp\/v2\/pages"}],"about":[{"href":"https:\/\/worldjusticeproject.mx\/en\/wp-json\/wp\/v2\/types\/page"}],"author":[{"embeddable":true,"href":"https:\/\/worldjusticeproject.mx\/en\/wp-json\/wp\/v2\/users\/1"}],"replies":[{"embeddable":true,"href":"https:\/\/worldjusticeproject.mx\/en\/wp-json\/wp\/v2\/comments?post=237"}],"version-history":[{"count":5,"href":"https:\/\/worldjusticeproject.mx\/en\/wp-json\/wp\/v2\/pages\/237\/revisions"}],"predecessor-version":[{"id":5224,"href":"https:\/\/worldjusticeproject.mx\/en\/wp-json\/wp\/v2\/pages\/237\/revisions\/5224"}],"up":[{"embeddable":true,"href":"https:\/\/worldjusticeproject.mx\/en\/wp-json\/wp\/v2\/pages\/235"}],"wp:attachment":[{"href":"https:\/\/worldjusticeproject.mx\/en\/wp-json\/wp\/v2\/media?parent=237"}],"curies":[{"name":"wp","href":"https:\/\/api.w.org\/{rel}","templated":true}]}}