{"id":239,"date":"2018-03-16T18:16:58","date_gmt":"2018-03-16T18:16:58","guid":{"rendered":"https:\/\/worldjusticeproject.mx\/?page_id=239"},"modified":"2024-09-24T15:06:18","modified_gmt":"2024-09-24T21:06:18","slug":"estado-de-derecho","status":"publish","type":"page","link":"https:\/\/worldjusticeproject.mx\/en\/estado-de-derecho\/","title":{"rendered":"\u00bfQu\u00e9 es el Estado de Derecho?"},"content":{"rendered":"<div data-elementor-type=\"wp-page\" data-elementor-id=\"239\" class=\"elementor elementor-239\" data-elementor-post-type=\"page\">\n\t\t\t\t<div class=\"elementor-element elementor-element-eca60db e-flex e-con-boxed e-con e-parent\" data-id=\"eca60db\" data-element_type=\"container\">\n\t\t\t\t\t<div class=\"e-con-inner\">\n\t\t\t\t<div class=\"elementor-element elementor-element-99dde84 elementor-widget elementor-widget-heading\" data-id=\"99dde84\" data-element_type=\"widget\" data-widget_type=\"heading.default\">\n\t\t\t\t<div class=\"elementor-widget-container\">\n\t\t\t\t\t<h2 class=\"elementor-heading-title elementor-size-default\">\u00bfQu\u00e9 es el Estado de Derecho?<\/h2>\t\t\t\t<\/div>\n\t\t\t\t<\/div>\n\t\t\t\t<div class=\"elementor-element elementor-element-09242ed elementor-widget-divider--view-line elementor-widget elementor-widget-divider\" data-id=\"09242ed\" data-element_type=\"widget\" data-widget_type=\"divider.default\">\n\t\t\t\t<div class=\"elementor-widget-container\">\n\t\t\t\t\t\t\t<div class=\"elementor-divider\">\n\t\t\t<span class=\"elementor-divider-separator\">\n\t\t\t\t\t\t<\/span>\n\t\t<\/div>\n\t\t\t\t\t\t<\/div>\n\t\t\t\t<\/div>\n\t\t\t\t<div class=\"elementor-element elementor-element-db22def elementor-widget elementor-widget-text-editor\" data-id=\"db22def\" data-element_type=\"widget\" data-widget_type=\"text-editor.default\">\n\t\t\t\t<div class=\"elementor-widget-container\">\n\t\t\t\t\t\t\t\t\t<p>Para The World Justice Project\u00ae (Proyecto de Justicia Mundial, o WJP, por sus siglas en ingl\u00e9s), el <strong>Estado de Derecho<\/strong> es un sistema de reglas en el que todas las personas, instituciones y entidades est\u00e1n sometidas a la ley, la cual se aplica de forma equitativa, justa, y con total apego a los derechos humanos.<\/p><p>El Estado de Derecho se basa en cuatro principios universales:<\/p>\t\t\t\t\t\t\t\t<\/div>\n\t\t\t\t<\/div>\n\t\t\t\t\t<\/div>\n\t\t\t\t<\/div>\n\t\t<div class=\"elementor-element elementor-element-45ba792 e-flex e-con-boxed e-con e-parent\" data-id=\"45ba792\" data-element_type=\"container\">\n\t\t\t\t\t<div class=\"e-con-inner\">\n\t\t<div class=\"elementor-element elementor-element-51c3f96 e-con-full e-flex e-con e-child\" data-id=\"51c3f96\" data-element_type=\"container\">\n\t\t\t\t<div class=\"elementor-element elementor-element-2a176bb elementor-widget elementor-widget-text-editor\" data-id=\"2a176bb\" data-element_type=\"widget\" data-widget_type=\"text-editor.default\">\n\t\t\t\t<div class=\"elementor-widget-container\">\n\t\t\t\t\t\t\t\t\t<p><img decoding=\"async\" class=\"aligncenter wp-image-34 size-full\" src=\"https:\/\/worldjusticeproject.mx\/wp-content\/uploads\/2018\/01\/r-cuentas.png\" alt=\"\" width=\"150\" \/><\/p><p><strong>Rendici\u00f3n de cuentas<\/strong><\/p><p>El gobierno y los actores privados deben rendir cuentas ante la ley y ser sancionados en caso de incurrir en actos que violen sus deberes.<\/p>\t\t\t\t\t\t\t\t<\/div>\n\t\t\t\t<\/div>\n\t\t\t\t<\/div>\n\t\t<div class=\"elementor-element elementor-element-a9a6837 e-con-full e-flex e-con e-child\" data-id=\"a9a6837\" data-element_type=\"container\">\n\t\t\t\t<div class=\"elementor-element elementor-element-7527250 elementor-widget elementor-widget-text-editor\" data-id=\"7527250\" data-element_type=\"widget\" data-widget_type=\"text-editor.default\">\n\t\t\t\t<div class=\"elementor-widget-container\">\n\t\t\t\t\t\t\t\t\t<p><img decoding=\"async\" class=\"aligncenter wp-image-34 size-full\" src=\"https:\/\/worldjusticeproject.mx\/wp-content\/uploads\/2018\/01\/l-justas.png\" alt=\"\" width=\"150\" \/><\/p><p><strong>Leyes justas<\/strong><\/p><p>Las leyes deben ser claras, estables y divulgadas, tienen que aplicarse de manera uniforme y proteger los derechos fundamentales, incluyendo contratos, seguridad, propiedad y derechos humanos de todas las personas.<\/p>\t\t\t\t\t\t\t\t<\/div>\n\t\t\t\t<\/div>\n\t\t\t\t<\/div>\n\t\t<div class=\"elementor-element elementor-element-8684714 e-con-full e-flex e-con e-child\" data-id=\"8684714\" data-element_type=\"container\">\n\t\t\t\t<div class=\"elementor-element elementor-element-8d9c874 elementor-widget elementor-widget-text-editor\" data-id=\"8d9c874\" data-element_type=\"widget\" data-widget_type=\"text-editor.default\">\n\t\t\t\t<div class=\"elementor-widget-container\">\n\t\t\t\t\t\t\t\t\t<p><img decoding=\"async\" class=\"aligncenter wp-image-34 size-full\" src=\"https:\/\/worldjusticeproject.mx\/wp-content\/uploads\/2018\/01\/g-abierto.png\" alt=\"\" width=\"150\" \/><\/p><p><strong>Gobierno abierto<\/strong><\/p><p>Todos los procesos mediante los cuales se promulgan, administran e implementan las leyes deben ser accesibles, justas, eficientes y transparentes.<\/p>\t\t\t\t\t\t\t\t<\/div>\n\t\t\t\t<\/div>\n\t\t\t\t<\/div>\n\t\t<div class=\"elementor-element elementor-element-4a60917 e-con-full e-flex e-con e-child\" data-id=\"4a60917\" data-element_type=\"container\">\n\t\t\t\t<div class=\"elementor-element elementor-element-1b4c78f elementor-widget elementor-widget-text-editor\" data-id=\"1b4c78f\" data-element_type=\"widget\" data-widget_type=\"text-editor.default\">\n\t\t\t\t<div class=\"elementor-widget-container\">\n\t\t\t\t\t\t\t\t\t<p><img decoding=\"async\" class=\"aligncenter wp-image-34 size-full\" src=\"https:\/\/worldjusticeproject.mx\/wp-content\/uploads\/2018\/01\/m-disputas.png\" alt=\"\" width=\"150\" \/><\/p><p><strong>El acceso a la justicia<\/strong><\/p><p>La justicia debe impartirse eficientemente por representantes competentes, \u00e9ticos, neutrales e independientes que sean accesibles, con los recursos adecuados y reflejen la composici\u00f3n de las comunidades a las que sirven.<\/p>\t\t\t\t\t\t\t\t<\/div>\n\t\t\t\t<\/div>\n\t\t\t\t<\/div>\n\t\t\t\t\t<\/div>\n\t\t\t\t<\/div>\n\t\t<div class=\"elementor-element elementor-element-59db0db e-flex e-con-boxed e-con e-parent\" data-id=\"59db0db\" data-element_type=\"container\">\n\t\t\t\t\t<div class=\"e-con-inner\">\n\t\t\t\t<div class=\"elementor-element elementor-element-ea1d0d1 elementor-widget elementor-widget-text-editor\" data-id=\"ea1d0d1\" data-element_type=\"widget\" data-widget_type=\"text-editor.default\">\n\t\t\t\t<div class=\"elementor-widget-container\">\n\t\t\t\t\t\t\t\t\t<p>Los cuatro principios universales del Estado de Derecho responden a est\u00e1ndares y normas aceptadas internacionalmente, y fueron consultados con expertos en todo el mundo.<\/p>\t\t\t\t\t\t\t\t<\/div>\n\t\t\t\t<\/div>\n\t\t\t\t\t<\/div>\n\t\t\t\t<\/div>\n\t\t\t\t<\/div>","protected":false},"excerpt":{"rendered":"<p>\u00bfQu\u00e9 es el Estado de Derecho? Para The World Justice Project\u00ae (Proyecto de Justicia Mundial, o WJP, por sus siglas en ingl\u00e9s), el Estado de Derecho es un sistema de reglas en el que todas las personas, instituciones y entidades est\u00e1n sometidas a la ley, la cual se aplica de forma equitativa, justa, y con [&hellip;]<\/p>\n","protected":false},"author":1,"featured_media":0,"parent":0,"menu_order":0,"comment_status":"closed","ping_status":"closed","template":"elementor_header_footer","meta":{"footnotes":""},"class_list":["post-239","page","type-page","status-publish","hentry"],"yoast_head":"<!-- This site is optimized with the Yoast SEO plugin v25.2 - https:\/\/yoast.com\/wordpress\/plugins\/seo\/ -->\n<title>\u00bfQu\u00e9 es el Estado de Derecho? - World Justice Project (M\u00e9xico)<\/title>\n<meta name=\"robots\" content=\"index, follow, max-snippet:-1, max-image-preview:large, max-video-preview:-1\" \/>\n<link rel=\"canonical\" href=\"https:\/\/worldjusticeproject.mx\/en\/estado-de-derecho\/\" \/>\n<meta property=\"og:locale\" content=\"en_US\" \/>\n<meta property=\"og:type\" content=\"article\" \/>\n<meta property=\"og:title\" content=\"\u00bfQu\u00e9 es el Estado de Derecho? - World Justice Project (M\u00e9xico)\" \/>\n<meta property=\"og:description\" content=\"\u00bfQu\u00e9 es el Estado de Derecho? Para The World Justice Project\u00ae (Proyecto de Justicia Mundial, o WJP, por sus siglas en ingl\u00e9s), el Estado de Derecho es un sistema de reglas en el que todas las personas, instituciones y entidades est\u00e1n sometidas a la ley, la cual se aplica de forma equitativa, justa, y con [&hellip;]\" \/>\n<meta property=\"og:url\" content=\"https:\/\/worldjusticeproject.mx\/en\/estado-de-derecho\/\" \/>\n<meta property=\"og:site_name\" content=\"World Justice Project (M\u00e9xico)\" \/>\n<meta property=\"article:modified_time\" content=\"2024-09-24T21:06:18+00:00\" \/>\n<meta property=\"og:image\" content=\"https:\/\/worldjusticeproject.mx\/wp-content\/uploads\/2018\/01\/r-cuentas.png\" \/>\n<meta name=\"twitter:card\" content=\"summary_large_image\" \/>\n<meta name=\"twitter:label1\" content=\"Est. reading time\" \/>\n\t<meta name=\"twitter:data1\" content=\"2 minutes\" \/>\n<script type=\"application\/ld+json\" class=\"yoast-schema-graph\">{\"@context\":\"https:\/\/schema.org\",\"@graph\":[{\"@type\":\"WebPage\",\"@id\":\"https:\/\/worldjusticeproject.mx\/estado-de-derecho\/\",\"url\":\"https:\/\/worldjusticeproject.mx\/estado-de-derecho\/\",\"name\":\"\u00bfQu\u00e9 es el Estado de Derecho? - World Justice Project (M\u00e9xico)\",\"isPartOf\":{\"@id\":\"https:\/\/worldjusticeproject.mx\/#website\"},\"primaryImageOfPage\":{\"@id\":\"https:\/\/worldjusticeproject.mx\/estado-de-derecho\/#primaryimage\"},\"image\":{\"@id\":\"https:\/\/worldjusticeproject.mx\/estado-de-derecho\/#primaryimage\"},\"thumbnailUrl\":\"https:\/\/worldjusticeproject.mx\/wp-content\/uploads\/2018\/01\/r-cuentas.png\",\"datePublished\":\"2018-03-16T18:16:58+00:00\",\"dateModified\":\"2024-09-24T21:06:18+00:00\",\"breadcrumb\":{\"@id\":\"https:\/\/worldjusticeproject.mx\/estado-de-derecho\/#breadcrumb\"},\"inLanguage\":\"en-US\",\"potentialAction\":[{\"@type\":\"ReadAction\",\"target\":[\"https:\/\/worldjusticeproject.mx\/estado-de-derecho\/\"]}]},{\"@type\":\"ImageObject\",\"inLanguage\":\"en-US\",\"@id\":\"https:\/\/worldjusticeproject.mx\/estado-de-derecho\/#primaryimage\",\"url\":\"https:\/\/worldjusticeproject.mx\/wp-content\/uploads\/2018\/01\/r-cuentas.png\",\"contentUrl\":\"https:\/\/worldjusticeproject.mx\/wp-content\/uploads\/2018\/01\/r-cuentas.png\"},{\"@type\":\"BreadcrumbList\",\"@id\":\"https:\/\/worldjusticeproject.mx\/estado-de-derecho\/#breadcrumb\",\"itemListElement\":[{\"@type\":\"ListItem\",\"position\":1,\"name\":\"Home\",\"item\":\"https:\/\/worldjusticeproject.mx\/\"},{\"@type\":\"ListItem\",\"position\":2,\"name\":\"\u00bfQu\u00e9 es el Estado de Derecho?\"}]},{\"@type\":\"WebSite\",\"@id\":\"https:\/\/worldjusticeproject.mx\/#website\",\"url\":\"https:\/\/worldjusticeproject.mx\/\",\"name\":\"World Justice Project (M\u00e9xico)\",\"description\":\"Sitio web de la oficina en M\u00e9xico de la organizaci\u00f3n basada en Washington DC, Estados Unidos\",\"potentialAction\":[{\"@type\":\"SearchAction\",\"target\":{\"@type\":\"EntryPoint\",\"urlTemplate\":\"https:\/\/worldjusticeproject.mx\/?s={search_term_string}\"},\"query-input\":{\"@type\":\"PropertyValueSpecification\",\"valueRequired\":true,\"valueName\":\"search_term_string\"}}],\"inLanguage\":\"en-US\"}]}<\/script>\n<!-- \/ Yoast SEO plugin. -->","yoast_head_json":{"title":"\u00bfQu\u00e9 es el Estado de Derecho? - World Justice Project (M\u00e9xico)","robots":{"index":"index","follow":"follow","max-snippet":"max-snippet:-1","max-image-preview":"max-image-preview:large","max-video-preview":"max-video-preview:-1"},"canonical":"https:\/\/worldjusticeproject.mx\/en\/estado-de-derecho\/","og_locale":"en_US","og_type":"article","og_title":"\u00bfQu\u00e9 es el Estado de Derecho? - World Justice Project (M\u00e9xico)","og_description":"\u00bfQu\u00e9 es el Estado de Derecho? Para The World Justice Project\u00ae (Proyecto de Justicia Mundial, o WJP, por sus siglas en ingl\u00e9s), el Estado de Derecho es un sistema de reglas en el que todas las personas, instituciones y entidades est\u00e1n sometidas a la ley, la cual se aplica de forma equitativa, justa, y con [&hellip;]","og_url":"https:\/\/worldjusticeproject.mx\/en\/estado-de-derecho\/","og_site_name":"World Justice Project (M\u00e9xico)","article_modified_time":"2024-09-24T21:06:18+00:00","og_image":[{"url":"https:\/\/worldjusticeproject.mx\/wp-content\/uploads\/2018\/01\/r-cuentas.png","type":"","width":"","height":""}],"twitter_card":"summary_large_image","twitter_misc":{"Est. reading time":"2 minutes"},"schema":{"@context":"https:\/\/schema.org","@graph":[{"@type":"WebPage","@id":"https:\/\/worldjusticeproject.mx\/estado-de-derecho\/","url":"https:\/\/worldjusticeproject.mx\/estado-de-derecho\/","name":"\u00bfQu\u00e9 es el Estado de Derecho? - World Justice Project (M\u00e9xico)","isPartOf":{"@id":"https:\/\/worldjusticeproject.mx\/#website"},"primaryImageOfPage":{"@id":"https:\/\/worldjusticeproject.mx\/estado-de-derecho\/#primaryimage"},"image":{"@id":"https:\/\/worldjusticeproject.mx\/estado-de-derecho\/#primaryimage"},"thumbnailUrl":"https:\/\/worldjusticeproject.mx\/wp-content\/uploads\/2018\/01\/r-cuentas.png","datePublished":"2018-03-16T18:16:58+00:00","dateModified":"2024-09-24T21:06:18+00:00","breadcrumb":{"@id":"https:\/\/worldjusticeproject.mx\/estado-de-derecho\/#breadcrumb"},"inLanguage":"en-US","potentialAction":[{"@type":"ReadAction","target":["https:\/\/worldjusticeproject.mx\/estado-de-derecho\/"]}]},{"@type":"ImageObject","inLanguage":"en-US","@id":"https:\/\/worldjusticeproject.mx\/estado-de-derecho\/#primaryimage","url":"https:\/\/worldjusticeproject.mx\/wp-content\/uploads\/2018\/01\/r-cuentas.png","contentUrl":"https:\/\/worldjusticeproject.mx\/wp-content\/uploads\/2018\/01\/r-cuentas.png"},{"@type":"BreadcrumbList","@id":"https:\/\/worldjusticeproject.mx\/estado-de-derecho\/#breadcrumb","itemListElement":[{"@type":"ListItem","position":1,"name":"Home","item":"https:\/\/worldjusticeproject.mx\/"},{"@type":"ListItem","position":2,"name":"\u00bfQu\u00e9 es el Estado de Derecho?"}]},{"@type":"WebSite","@id":"https:\/\/worldjusticeproject.mx\/#website","url":"https:\/\/worldjusticeproject.mx\/","name":"World Justice Project (M\u00e9xico)","description":"Sitio web de la oficina en M\u00e9xico de la organizaci\u00f3n basada en Washington DC, Estados Unidos","potentialAction":[{"@type":"SearchAction","target":{"@type":"EntryPoint","urlTemplate":"https:\/\/worldjusticeproject.mx\/?s={search_term_string}"},"query-input":{"@type":"PropertyValueSpecification","valueRequired":true,"valueName":"search_term_string"}}],"inLanguage":"en-US"}]}},"_links":{"self":[{"href":"https:\/\/worldjusticeproject.mx\/en\/wp-json\/wp\/v2\/pages\/239","targetHints":{"allow":["GET"]}}],"collection":[{"href":"https:\/\/worldjusticeproject.mx\/en\/wp-json\/wp\/v2\/pages"}],"about":[{"href":"https:\/\/worldjusticeproject.mx\/en\/wp-json\/wp\/v2\/types\/page"}],"author":[{"embeddable":true,"href":"https:\/\/worldjusticeproject.mx\/en\/wp-json\/wp\/v2\/users\/1"}],"replies":[{"embeddable":true,"href":"https:\/\/worldjusticeproject.mx\/en\/wp-json\/wp\/v2\/comments?post=239"}],"version-history":[{"count":5,"href":"https:\/\/worldjusticeproject.mx\/en\/wp-json\/wp\/v2\/pages\/239\/revisions"}],"predecessor-version":[{"id":5220,"href":"https:\/\/worldjusticeproject.mx\/en\/wp-json\/wp\/v2\/pages\/239\/revisions\/5220"}],"wp:attachment":[{"href":"https:\/\/worldjusticeproject.mx\/en\/wp-json\/wp\/v2\/media?parent=239"}],"curies":[{"name":"wp","href":"https:\/\/api.w.org\/{rel}","templated":true}]}}