{"id":597,"date":"2018-06-05T14:46:07","date_gmt":"2018-06-05T14:46:07","guid":{"rendered":"https:\/\/worldjusticeproject.mx\/?page_id=597"},"modified":"2021-08-31T14:35:14","modified_gmt":"2021-08-31T19:35:14","slug":"aviso-de-privacidad","status":"publish","type":"page","link":"https:\/\/worldjusticeproject.mx\/en\/aviso-de-privacidad\/","title":{"rendered":"Aviso de Privacidad"},"content":{"rendered":"<div data-elementor-type=\"wp-page\" data-elementor-id=\"597\" class=\"elementor elementor-597\" data-elementor-post-type=\"page\">\n\t\t\t\t\t\t<section class=\"elementor-section elementor-top-section elementor-element elementor-element-422d4664 elementor-section-boxed elementor-section-height-default elementor-section-height-default\" data-id=\"422d4664\" data-element_type=\"section\">\n\t\t\t\t\t\t<div class=\"elementor-container elementor-column-gap-default\">\n\t\t\t\t\t<div class=\"elementor-column elementor-col-100 elementor-top-column elementor-element elementor-element-313adb65\" data-id=\"313adb65\" data-element_type=\"column\">\n\t\t\t<div class=\"elementor-widget-wrap elementor-element-populated\">\n\t\t\t\t\t\t<div class=\"elementor-element elementor-element-416a906e elementor-widget elementor-widget-text-editor\" data-id=\"416a906e\" data-element_type=\"widget\" data-widget_type=\"text-editor.default\">\n\t\t\t\t<div class=\"elementor-widget-container\">\n\t\t\t\t\t\t\t\t\t<hr \/><p><strong>Aviso de Privacidad de The World Justice Project<\/strong><\/p><p><span style=\"text-decoration: underline;\">Responsables del tratamiento de sus datos personales<\/span><\/p><p>The World Justice Project es una organizaci\u00f3n independiente, internacional, y multidisciplinaria que trabaja para generar datos y an\u00e1lisis, crear conciencia, y generar acciones para avanzar el Estado de Derecho alrededor del mundo sin fines de lucro existente bajo las leyes del estado de Washington, Estados Unidos (en adelante, \u201c<strong>WJP<\/strong>\u201d), con domicilio en Cerrada de la Paz No. 18, Col. Escand\u00f3n, secci\u00f3n I, Alcald\u00eda Miguel Hidalgo, C.P. 11800, es el responsable del uso y protecci\u00f3n de sus datos personales, y al respecto, en cumplimiento con la Ley Federal de Protecci\u00f3n de Datos Personales en Posesi\u00f3n de los Particulares (en adelante, la \u201c<strong>Ley<\/strong>\u201d) y su Reglamento, pone a su disposici\u00f3n el presente Aviso de Privacidad, y le informa de lo siguiente:<\/p><p><span style=\"text-decoration: underline;\">Finalidad del tratamiento de sus datos personales<\/span><\/p><p>WJP utiliza los datos personales que recaba de usted, para la siguiente finalidad, la cual es necesaria para los fines de su interacci\u00f3n con WJP:<\/p><ul><li>medir el estado de derecho en M\u00e9xico mediante encuestas en todas las entidades federativas de M\u00e9xico, de ciudadanos mexicanos y de profesionales involucrados con el sistema legal mexicano para medir sus percepciones y experiencias con el estado de derecho. Los temas encuestados incluir\u00e1n la percepci\u00f3n de corrupci\u00f3n, seguridad, acceso a la justicia, y experiencia con las distintas autoridades mexicanas.<\/li><\/ul><p>De manera adicional, WJP utilizar\u00e1 su informaci\u00f3n personal para las siguientes finalidades que no son necesarias para los fines de su interacci\u00f3n con WJP, pero que nos permiten y facilitan brindarle una mejor atenci\u00f3n:<\/p><ul><li>invitarle como individuo y registrarle para eventos y conferencias relacionados con el estado de derecho;<\/li><li>administrar varias encuestas;<\/li><li>invitarle como organizaci\u00f3n a unirse a nuestra red de profesionales del estado de derecho;<\/li><li>administrar varias competencias relacionadas con el estado de derecho y propuestas de subvenciones;<\/li><li>distribuir comunicados de prensa y avisos;<\/li><li>revisar y responder a documentos de propuesta, valoraciones, comentarios, fotos, videos u otra informaci\u00f3n que nos env\u00ede a trav\u00e9s de portales en l\u00ednea, formularios electr\u00f3nicos, encuestas o partes interactivas de nuestra p\u00e1gina Web;<\/li><li>administrar e informarle de nuestras estrategias de investigaci\u00f3n y programa, as\u00ed como de nuestras actividades caritativas;<\/li><li>enviar comunicaciones a trav\u00e9s de una lista de correos electr\u00f3nicos, incluyendo boletines informativos, actualizaciones y anuncios, publicaciones, comunicaciones relacionadas con eventos, competiciones y otras actividades de marketing relacionadas con WJP, y otras comunicaciones de WJP;<\/li><li>administrar, proteger y mejorar nuestro sitio Web; y<\/li><li>determinar qu\u00e9 \u00e1reas de nuestro sitio Web le gustan y no le gustan a los usuarios en funci\u00f3n del tr\u00e1fico en estas \u00e1reas, para el fin de ayudarnos a continuar creando un mejor servicio para usted.<\/li><\/ul><p>En caso de que no desee que sus datos personales sean tratados para los fines adicionales o alguno(s) de ellos, puede negar su consentimiento desde este momento enviando una solicitud al <strong>WJP<\/strong>, al correo electr\u00f3nico <strong>mexico@worldjusticeproject.org<\/strong>donde se le indicar\u00e1 el proceso a seguir para ejercer su derecho.<\/p><p><span style=\"text-decoration: underline;\">Datos personales que se recaban<\/span><\/p><p>Para llevar a cabo las finalidades descritas en el presente Aviso de Privacidad, WJP utilizar\u00e1 datos personales de identificaci\u00f3n, de contacto, acad\u00e9micos o profesionales, laborales, migratorios, sobre caracter\u00edsticas f\u00edsicas, de origen \u00e9tnico y racial y de car\u00e1cter ideol\u00f3gico (creencias religiosas, afiliaci\u00f3n pol\u00edtica y\/o sindical, pertenencia a organizaciones de la sociedad civil y\/o asociaciones religiosas).<\/p><p>Cuando WJP utilice datos personales considerados como sensibles tales como datos de origen \u00e9tnico y racial, requerir\u00e1 su consentimiento expreso y por escrito en forma similar a lo que sigue:<\/p><p><em>Otorgo mi consentimiento para que mis datos personales sensibles sean tratados conforme a lo se\u00f1alado en el Aviso de Privacidad de The World Justice Project, <\/em><em>una sociedad sin fines de lucro existente bajo las leyes del estado de Washington, Estados Unidos.<\/em><\/p><p><strong><em>\u00a0<\/em><\/strong><\/p><p><strong><em>______________________<br \/><\/em><\/strong><em>Nombre y firma del titular<\/em><\/p><p><span style=\"text-decoration: underline;\">Transferencia de datos personales<\/span><\/p><p>WJP le informa que sus datos personales son compartidos dentro y fuera del pa\u00eds. WJP podr\u00e1 transferir sus datos personales a terceros mexicanos o extranjeros cuando la transferencia:<\/p><ul><li>est\u00e9 prevista en una ley o tratado de los que M\u00e9xico sea parte;<\/li><li>sea efectuada a sociedades controladoras, subsidiarias o afiliadas bajo el control com\u00fan de WJP, a una sociedad matriz o a cualquier sociedad del mismo grupo de los responsables que operen bajo los mismos procesos y pol\u00edticas internas;<\/li><li>sea precisa para el mantenimiento o cumplimiento de una relaci\u00f3n jur\u00eddica entre WJP y el titular; y,<\/li><li>sea con base en los dem\u00e1s supuestos establecidos en el Art\u00edculo 37 de la Ley, casos en los que como as\u00ed lo establece dicho art\u00edculo, no ser\u00e1 necesaria la obtenci\u00f3n de su consentimiento.<\/li><\/ul><p>Usted puede manifestar su negativa a la transferencia de sus datos personales desde este momento contactando al <strong>WJP<\/strong>, al correo electr\u00f3nico <strong>mexico@worldjusticeproject.org<\/strong>donde se le indicar\u00e1 el proceso a seguir para ejercer su derecho.<\/p><p><span style=\"text-decoration: underline;\">Derechos ARCO<\/span><\/p><p>En t\u00e9rminos de la normativa aplicable, usted tiene derecho a conocer qu\u00e9 datos personales WJP tiene de usted, para qu\u00e9 los utiliza y las condiciones del uso que les da (Acceso). Asimismo, es su derecho solicitar la correcci\u00f3n de su informaci\u00f3n personal en caso de que est\u00e9 desactualizada, sea inexacta o incompleta (Rectificaci\u00f3n); que se elimine de los registros o bases de datos cuando considere que la misma no est\u00e1 siendo utilizada conforme a los principios, deberes y obligaciones previstos en la normativa (Cancelaci\u00f3n); as\u00ed como oponerse al uso de sus datos personales para fines espec\u00edficos (Oposici\u00f3n). Estos derechos se conocen como \u201c<strong>Derechos<\/strong><strong>ARCO<\/strong>\u201d.<\/p><p>Para el ejercicio de cualquiera de los Derechos ARCO, usted deber\u00e1 presentar la solicitud correspondiente al <strong>WJP<\/strong>, al correo electr\u00f3nico <strong>mexico@worldjusticeproject.org.<\/strong><\/p><p>De acuerdo con el art\u00edculo 29 de la Ley, la solicitud deber\u00e1 contener la siguiente informaci\u00f3n:<\/p><ul><li>El nombre del titular de los datos personales y correo electr\u00f3nico;<\/li><li>Los documentos que acrediten la identidad, o en su caso, la representaci\u00f3n legal del titular de los datos personales;<\/li><li>La descripci\u00f3n clara y precisa de los datos personales respecto de los que se busca ejercer alguno de los Derechos ARCO; y,<\/li><li>Cualquier otro elemento o documento que facilite la localizaci\u00f3n de los datos personales.<ul><li>En caso de solicitudes ARCO de Rectificaci\u00f3n de datos personales, el titular deber\u00e1 indicar, adem\u00e1s de lo se\u00f1alado anteriormente, las modificaciones a realizarse y aportar la documentaci\u00f3n que sustente su petici\u00f3n.<\/li><\/ul><\/li><\/ul><p>El plazo para atender su solicitud ser\u00e1 en un m\u00e1ximo de veinte d\u00edas h\u00e1biles contados a partir de la fecha en que se recibi\u00f3 la solicitud. Se le dar\u00e1 contestaci\u00f3n acerca de la procedencia de la solicitud por medio de correo electr\u00f3nico dirigido a su persona o enviando carta al domicilio f\u00edsico que haya indicado a tales efectos.<\/p><p><span style=\"text-decoration: underline;\">Mecanismos y procedimiento para revocar su consentimiento<\/span><\/p><p>Usted puede revocar el consentimiento que, en su caso, haya otorgado a WJP para el tratamiento de sus datos personales. Sin embargo, es importante que tenga en cuenta que no en todos los casos podr\u00e1 atender su solicitud o concluir el uso de forma inmediata, ya que es posible que por alguna obligaci\u00f3n legal requiera seguir tratando sus datos personales. Asimismo, usted deber\u00e1 considerar que para ciertos fines, la revocaci\u00f3n de su consentimiento implicar\u00e1 que WJP no pueda continuar interactuando con usted.<\/p><p>Para revocar su consentimiento, usted deber\u00e1 presentar una solicitud ARCO de Oposici\u00f3n tal como se detalla en el apartado anterior titulado \u201cDerechos ARCO\u201d, y el mismo proceso detallado en dicho apartado ser\u00e1 aplicable aqu\u00ed.<\/p><p><span style=\"text-decoration: underline;\">Limitaci\u00f3n del uso o divulgaci\u00f3n de los datos personales<\/span><\/p><p>Con el objeto de que usted pueda limitar el uso y divulgaci\u00f3n de su informaci\u00f3n personal, WJP le ofrece los siguientes medios:<\/p><ul><li>Enviar una solicitud al <strong>WJP<\/strong>, al correo electr\u00f3nico <strong>mexico@worldjusticeproject.org<\/strong>solicitando su inscripci\u00f3n al \u201cListado de Exclusi\u00f3n Publicitaria de WJP\u201d, con el objeto de que WJP no utilice su informaci\u00f3n personal para finalidades promocionales, publicitarias o mercadot\u00e9cnicas.<\/li><\/ul><p><span style=\"text-decoration: underline;\">Uso de Cookies y web beacons<\/span><\/p><p>WJP le informa que en su p\u00e1gina Web puede utilizar cookies, web beacons y otras tecnolog\u00edas a trav\u00e9s de las cuales es posible monitorear su comportamiento como usuario de Internet, brindarle un mejor servicio y experiencia de usuario al navegar en la p\u00e1gina, as\u00ed como ofrecerle informaciones basadas en sus preferencias.<\/p><p>Los datos personales que WJP obtiene de estas tecnolog\u00edas de rastreo son las siguientes: horario de navegaci\u00f3n, tiempo de navegaci\u00f3n en nuestra p\u00e1gina Web, secciones consultadas, y p\u00e1ginas de Internet accedidas previo a la nuestra.<\/p><p>Los datos recabados ser\u00e1n de uso exclusivo de WJP en M\u00e9xico y en otros pa\u00edses donde WJP tiene actividad.<\/p><p>En todo momento usted puede deshabilitar el uso de estas tecnolog\u00edas desde su ordenador o dispositivo \/ siguiendo los siguientes pasos: 1. Acceder a nuestra p\u00e1gina Web, secci\u00f3n \u201cT\u00e9rminos y condiciones del sitio\u201d, subsecci\u00f3n \u201cCookies\u201d; 2. Dar clic en la subsecci\u00f3n \u201cCookies\u201d; 3. Leer el mensaje de advertencia sobre la deshabilitaci\u00f3n de cookies; y, 4. Dar clic en la leyenda de activar el mecanismo de deshabilitaci\u00f3n de cookies<strong>.<\/strong><\/p><p><span style=\"text-decoration: underline;\">Modificaciones al Aviso de Privacidad<\/span><\/p><p>El presente Aviso de Privacidad puede sufrir modificaciones, cambios o actualizaciones derivadas de nuevos requerimientos legales, de las propias necesidades de WJP por los productos o servicios que ofrece, de las pr\u00e1cticas de privacidad de WJP, de cambios el modelo de negocio de WJP, o por otras causas.<\/p><p>WJP se compromete a mantenerlo informado sobre los cambios que pueda sufrir el presente Aviso de Privacidad en su p\u00e1gina Web, en la secci\u00f3n denominada Aviso de Privacidad.<\/p><p><span style=\"text-decoration: underline;\">Tratamiento indebido de datos personales<\/span><\/p><p>Si usted considera que su derecho a la protecci\u00f3n de sus datos personales ha sido lesionado por alguna conducta u omisi\u00f3n de parte de WJP, o presume alguna violaci\u00f3n a las disposiciones previstas en la Ley y su Reglamento y dem\u00e1s ordenamientos aplicables, podr\u00e1 interponer su inconformidad o denuncia ante el Instituto Nacional de Transparencia, Acceso a la Informaci\u00f3n y Protecci\u00f3n De Datos Personales (INAI). Para mayor informaci\u00f3n, WJP le sugiere visitar su p\u00e1gina oficial de Internet <a href=\"http:\/\/www.inai.org.mx\/\">www.inai.org.mx<\/a>.<\/p><hr \/>\t\t\t\t\t\t\t\t<\/div>\n\t\t\t\t<\/div>\n\t\t\t\t\t<\/div>\n\t\t<\/div>\n\t\t\t\t\t<\/div>\n\t\t<\/section>\n\t\t\t\t<\/div>","protected":false},"excerpt":{"rendered":"<p>Aviso de Privacidad de The World Justice Project Responsables del tratamiento de sus datos personales The World Justice Project es una organizaci\u00f3n independiente, internacional, y multidisciplinaria que trabaja para generar datos y an\u00e1lisis, crear conciencia, y generar acciones para avanzar el Estado de Derecho alrededor del mundo sin fines de lucro existente bajo las leyes [&hellip;]<\/p>\n","protected":false},"author":1,"featured_media":0,"parent":0,"menu_order":0,"comment_status":"closed","ping_status":"closed","template":"","meta":{"footnotes":""},"class_list":["post-597","page","type-page","status-publish","hentry"],"yoast_head":"<!-- This site is optimized with the Yoast SEO plugin v25.2 - https:\/\/yoast.com\/wordpress\/plugins\/seo\/ -->\n<title>Aviso de Privacidad - World Justice Project (M\u00e9xico)<\/title>\n<meta name=\"robots\" content=\"index, follow, max-snippet:-1, max-image-preview:large, max-video-preview:-1\" \/>\n<link rel=\"canonical\" href=\"https:\/\/worldjusticeproject.mx\/en\/aviso-de-privacidad\/\" \/>\n<meta property=\"og:locale\" content=\"en_US\" \/>\n<meta property=\"og:type\" content=\"article\" \/>\n<meta property=\"og:title\" content=\"Aviso de Privacidad - World Justice Project (M\u00e9xico)\" \/>\n<meta property=\"og:description\" content=\"Aviso de Privacidad de The World Justice Project Responsables del tratamiento de sus datos personales The World Justice Project es una organizaci\u00f3n independiente, internacional, y multidisciplinaria que trabaja para generar datos y an\u00e1lisis, crear conciencia, y generar acciones para avanzar el Estado de Derecho alrededor del mundo sin fines de lucro existente bajo las leyes [&hellip;]\" \/>\n<meta property=\"og:url\" content=\"https:\/\/worldjusticeproject.mx\/en\/aviso-de-privacidad\/\" \/>\n<meta property=\"og:site_name\" content=\"World Justice Project (M\u00e9xico)\" \/>\n<meta property=\"article:modified_time\" content=\"2021-08-31T19:35:14+00:00\" \/>\n<meta name=\"twitter:card\" content=\"summary_large_image\" \/>\n<meta name=\"twitter:label1\" content=\"Est. reading time\" \/>\n\t<meta name=\"twitter:data1\" content=\"8 minutes\" \/>\n<script type=\"application\/ld+json\" class=\"yoast-schema-graph\">{\"@context\":\"https:\/\/schema.org\",\"@graph\":[{\"@type\":\"WebPage\",\"@id\":\"https:\/\/worldjusticeproject.mx\/aviso-de-privacidad\/\",\"url\":\"https:\/\/worldjusticeproject.mx\/aviso-de-privacidad\/\",\"name\":\"Aviso de Privacidad - World Justice Project (M\u00e9xico)\",\"isPartOf\":{\"@id\":\"https:\/\/worldjusticeproject.mx\/#website\"},\"datePublished\":\"2018-06-05T14:46:07+00:00\",\"dateModified\":\"2021-08-31T19:35:14+00:00\",\"breadcrumb\":{\"@id\":\"https:\/\/worldjusticeproject.mx\/aviso-de-privacidad\/#breadcrumb\"},\"inLanguage\":\"en-US\",\"potentialAction\":[{\"@type\":\"ReadAction\",\"target\":[\"https:\/\/worldjusticeproject.mx\/aviso-de-privacidad\/\"]}]},{\"@type\":\"BreadcrumbList\",\"@id\":\"https:\/\/worldjusticeproject.mx\/aviso-de-privacidad\/#breadcrumb\",\"itemListElement\":[{\"@type\":\"ListItem\",\"position\":1,\"name\":\"Home\",\"item\":\"https:\/\/worldjusticeproject.mx\/\"},{\"@type\":\"ListItem\",\"position\":2,\"name\":\"Aviso de Privacidad\"}]},{\"@type\":\"WebSite\",\"@id\":\"https:\/\/worldjusticeproject.mx\/#website\",\"url\":\"https:\/\/worldjusticeproject.mx\/\",\"name\":\"World Justice Project (M\u00e9xico)\",\"description\":\"Sitio web de la oficina en M\u00e9xico de la organizaci\u00f3n basada en Washington DC, Estados Unidos\",\"potentialAction\":[{\"@type\":\"SearchAction\",\"target\":{\"@type\":\"EntryPoint\",\"urlTemplate\":\"https:\/\/worldjusticeproject.mx\/?s={search_term_string}\"},\"query-input\":{\"@type\":\"PropertyValueSpecification\",\"valueRequired\":true,\"valueName\":\"search_term_string\"}}],\"inLanguage\":\"en-US\"}]}<\/script>\n<!-- \/ Yoast SEO plugin. -->","yoast_head_json":{"title":"Aviso de Privacidad - World Justice Project (M\u00e9xico)","robots":{"index":"index","follow":"follow","max-snippet":"max-snippet:-1","max-image-preview":"max-image-preview:large","max-video-preview":"max-video-preview:-1"},"canonical":"https:\/\/worldjusticeproject.mx\/en\/aviso-de-privacidad\/","og_locale":"en_US","og_type":"article","og_title":"Aviso de Privacidad - World Justice Project (M\u00e9xico)","og_description":"Aviso de Privacidad de The World Justice Project Responsables del tratamiento de sus datos personales The World Justice Project es una organizaci\u00f3n independiente, internacional, y multidisciplinaria que trabaja para generar datos y an\u00e1lisis, crear conciencia, y generar acciones para avanzar el Estado de Derecho alrededor del mundo sin fines de lucro existente bajo las leyes [&hellip;]","og_url":"https:\/\/worldjusticeproject.mx\/en\/aviso-de-privacidad\/","og_site_name":"World Justice Project (M\u00e9xico)","article_modified_time":"2021-08-31T19:35:14+00:00","twitter_card":"summary_large_image","twitter_misc":{"Est. reading time":"8 minutes"},"schema":{"@context":"https:\/\/schema.org","@graph":[{"@type":"WebPage","@id":"https:\/\/worldjusticeproject.mx\/aviso-de-privacidad\/","url":"https:\/\/worldjusticeproject.mx\/aviso-de-privacidad\/","name":"Aviso de Privacidad - World Justice Project (M\u00e9xico)","isPartOf":{"@id":"https:\/\/worldjusticeproject.mx\/#website"},"datePublished":"2018-06-05T14:46:07+00:00","dateModified":"2021-08-31T19:35:14+00:00","breadcrumb":{"@id":"https:\/\/worldjusticeproject.mx\/aviso-de-privacidad\/#breadcrumb"},"inLanguage":"en-US","potentialAction":[{"@type":"ReadAction","target":["https:\/\/worldjusticeproject.mx\/aviso-de-privacidad\/"]}]},{"@type":"BreadcrumbList","@id":"https:\/\/worldjusticeproject.mx\/aviso-de-privacidad\/#breadcrumb","itemListElement":[{"@type":"ListItem","position":1,"name":"Home","item":"https:\/\/worldjusticeproject.mx\/"},{"@type":"ListItem","position":2,"name":"Aviso de Privacidad"}]},{"@type":"WebSite","@id":"https:\/\/worldjusticeproject.mx\/#website","url":"https:\/\/worldjusticeproject.mx\/","name":"World Justice Project (M\u00e9xico)","description":"Sitio web de la oficina en M\u00e9xico de la organizaci\u00f3n basada en Washington DC, Estados Unidos","potentialAction":[{"@type":"SearchAction","target":{"@type":"EntryPoint","urlTemplate":"https:\/\/worldjusticeproject.mx\/?s={search_term_string}"},"query-input":{"@type":"PropertyValueSpecification","valueRequired":true,"valueName":"search_term_string"}}],"inLanguage":"en-US"}]}},"_links":{"self":[{"href":"https:\/\/worldjusticeproject.mx\/en\/wp-json\/wp\/v2\/pages\/597","targetHints":{"allow":["GET"]}}],"collection":[{"href":"https:\/\/worldjusticeproject.mx\/en\/wp-json\/wp\/v2\/pages"}],"about":[{"href":"https:\/\/worldjusticeproject.mx\/en\/wp-json\/wp\/v2\/types\/page"}],"author":[{"embeddable":true,"href":"https:\/\/worldjusticeproject.mx\/en\/wp-json\/wp\/v2\/users\/1"}],"replies":[{"embeddable":true,"href":"https:\/\/worldjusticeproject.mx\/en\/wp-json\/wp\/v2\/comments?post=597"}],"version-history":[{"count":5,"href":"https:\/\/worldjusticeproject.mx\/en\/wp-json\/wp\/v2\/pages\/597\/revisions"}],"predecessor-version":[{"id":2418,"href":"https:\/\/worldjusticeproject.mx\/en\/wp-json\/wp\/v2\/pages\/597\/revisions\/2418"}],"wp:attachment":[{"href":"https:\/\/worldjusticeproject.mx\/en\/wp-json\/wp\/v2\/media?parent=597"}],"curies":[{"name":"wp","href":"https:\/\/api.w.org\/{rel}","templated":true}]}}